{"id":1517,"date":"2017-06-26T12:41:48","date_gmt":"2017-06-26T12:41:48","guid":{"rendered":"https:\/\/recom-ice.com\/?page_id=1517\/"},"modified":"2020-10-20T12:05:54","modified_gmt":"2020-10-20T12:05:54","slug":"control","status":"publish","type":"page","link":"https:\/\/recom-ice.com\/es\/plantas-de-hielo\/automatizacion-de-planta-de-hielo\/riipp-modules\/control\/","title":{"rendered":"Control"},"content":{"rendered":"","protected":false},"excerpt":{"rendered":"","protected":false},"author":8,"featured_media":5063,"parent":1515,"menu_order":1,"comment_status":"closed","ping_status":"closed","template":"template-ice-plant-automation.php","meta":{"_acf_changed":false,"footnotes":""},"class_list":["post-1517","page","type-page","status-publish","has-post-thumbnail","hentry"],"acf":[],"yoast_head":"<!-- This site is optimized with the Yoast SEO Premium plugin v26.8 (Yoast SEO v26.8) - https:\/\/yoast.com\/product\/yoast-seo-premium-wordpress\/ -->\n<title>Controle su planta de hielo con el m\u00f3dulo de control RIIPP<\/title>\n<meta name=\"description\" content=\"Controle su planta de hielo con el m\u00f3dulo de control RIIPP en su planta de hielo que monitorea continuamente 40 funcionalidades y brinda una representaci\u00f3n visual.\" \/>\n<meta name=\"robots\" content=\"index, follow, max-snippet:-1, max-image-preview:large, max-video-preview:-1\" \/>\n<link rel=\"canonical\" href=\"https:\/\/recom-ice.com\/ice-plants\/ice-plant-automation\/riipp-modules\/control\/\" \/>\n<meta property=\"og:locale\" content=\"es_ES\" \/>\n<meta property=\"og:type\" content=\"article\" \/>\n<meta property=\"og:title\" content=\"Control\" \/>\n<meta property=\"og:url\" content=\"https:\/\/recom-ice.com\/ice-plants\/ice-plant-automation\/riipp-modules\/control\/\" \/>\n<meta property=\"og:site_name\" content=\"Recom Ice Systems\" \/>\n<meta property=\"article:modified_time\" content=\"2020-10-20T12:05:54+00:00\" \/>\n<meta name=\"twitter:card\" content=\"summary_large_image\" \/>\n<script type=\"application\/ld+json\" class=\"yoast-schema-graph\">{\"@context\":\"https:\/\/schema.org\",\"@graph\":[{\"@type\":\"WebPage\",\"@id\":\"https:\/\/recom-ice.com\/ice-plants\/ice-plant-automation\/riipp-modules\/control\/\",\"url\":\"https:\/\/recom-ice.com\/ice-plants\/ice-plant-automation\/riipp-modules\/control\/\",\"name\":\"Controle su planta de hielo con el m\u00f3dulo de control RIIPP\",\"isPartOf\":{\"@id\":\"https:\/\/recom-ice.com\/#website\"},\"primaryImageOfPage\":{\"@id\":\"https:\/\/recom-ice.com\/ice-plants\/ice-plant-automation\/riipp-modules\/control\/#primaryimage\"},\"image\":{\"@id\":\"https:\/\/recom-ice.com\/ice-plants\/ice-plant-automation\/riipp-modules\/control\/#primaryimage\"},\"thumbnailUrl\":\"https:\/\/recom-ice.com\/wp-content\/uploads\/2016\/08\/iconmonstr-volume-control-7-01.svg\",\"datePublished\":\"2017-06-26T12:41:48+00:00\",\"dateModified\":\"2020-10-20T12:05:54+00:00\",\"description\":\"Controle su planta de hielo con el m\u00f3dulo de control RIIPP en su planta de hielo que monitorea continuamente 40 funcionalidades y brinda una representaci\u00f3n visual.\",\"breadcrumb\":{\"@id\":\"https:\/\/recom-ice.com\/ice-plants\/ice-plant-automation\/riipp-modules\/control\/#breadcrumb\"},\"inLanguage\":\"es\",\"potentialAction\":[{\"@type\":\"ReadAction\",\"target\":[\"https:\/\/recom-ice.com\/ice-plants\/ice-plant-automation\/riipp-modules\/control\/\"]}]},{\"@type\":\"ImageObject\",\"inLanguage\":\"es\",\"@id\":\"https:\/\/recom-ice.com\/ice-plants\/ice-plant-automation\/riipp-modules\/control\/#primaryimage\",\"url\":\"https:\/\/recom-ice.com\/wp-content\/uploads\/2016\/08\/iconmonstr-volume-control-7-01.svg\",\"contentUrl\":\"https:\/\/recom-ice.com\/wp-content\/uploads\/2016\/08\/iconmonstr-volume-control-7-01.svg\",\"caption\":\"ice plant automation\"},{\"@type\":\"BreadcrumbList\",\"@id\":\"https:\/\/recom-ice.com\/ice-plants\/ice-plant-automation\/riipp-modules\/control\/#breadcrumb\",\"itemListElement\":[{\"@type\":\"ListItem\",\"position\":1,\"name\":\"Home\",\"item\":\"https:\/\/recom-ice.com\/\"},{\"@type\":\"ListItem\",\"position\":2,\"name\":\"Plantas de hielo\",\"item\":\"https:\/\/recom-ice.com\/ice-plants\/\"},{\"@type\":\"ListItem\",\"position\":3,\"name\":\"Automatizaci\u00f3n de planta de hielo\",\"item\":\"https:\/\/recom-ice.com\/ice-plants\/ice-plant-automation\/\"},{\"@type\":\"ListItem\",\"position\":4,\"name\":\"M\u00f3dulos RIIPP\",\"item\":\"https:\/\/recom-ice.com\/ice-plants\/ice-plant-automation\/riipp-modules\/\"},{\"@type\":\"ListItem\",\"position\":5,\"name\":\"Control\"}]},{\"@type\":\"WebSite\",\"@id\":\"https:\/\/recom-ice.com\/#website\",\"url\":\"https:\/\/recom-ice.com\/\",\"name\":\"Recom Ice Systems\",\"description\":\"Flake ice for the industry\",\"publisher\":{\"@id\":\"https:\/\/recom-ice.com\/#organization\"},\"potentialAction\":[{\"@type\":\"SearchAction\",\"target\":{\"@type\":\"EntryPoint\",\"urlTemplate\":\"https:\/\/recom-ice.com\/?s={search_term_string}\"},\"query-input\":{\"@type\":\"PropertyValueSpecification\",\"valueRequired\":true,\"valueName\":\"search_term_string\"}}],\"inLanguage\":\"es\"},{\"@type\":\"Organization\",\"@id\":\"https:\/\/recom-ice.com\/#organization\",\"name\":\"Recom Ice Systems\",\"url\":\"https:\/\/recom-ice.com\/\",\"logo\":{\"@type\":\"ImageObject\",\"inLanguage\":\"es\",\"@id\":\"https:\/\/recom-ice.com\/#\/schema\/logo\/image\/\",\"url\":\"https:\/\/recom-ice.com\/wp-content\/uploads\/2018\/01\/REC-logo-def.jpg\",\"contentUrl\":\"https:\/\/recom-ice.com\/wp-content\/uploads\/2018\/01\/REC-logo-def.jpg\",\"width\":1044,\"height\":282,\"caption\":\"Recom Ice Systems\"},\"image\":{\"@id\":\"https:\/\/recom-ice.com\/#\/schema\/logo\/image\/\"},\"sameAs\":[\"https:\/\/www.linkedin.com\/company\/recom-ice-systems\/\",\"https:\/\/www.youtube.com\/channel\/UCFK_8MWf9zUMbwO0mZFCbrQ\"]}]}<\/script>\n<!-- \/ Yoast SEO Premium plugin. -->","yoast_head_json":{"title":"Controle su planta de hielo con el m\u00f3dulo de control RIIPP","description":"Controle su planta de hielo con el m\u00f3dulo de control RIIPP en su planta de hielo que monitorea continuamente 40 funcionalidades y brinda una representaci\u00f3n visual.","robots":{"index":"index","follow":"follow","max-snippet":"max-snippet:-1","max-image-preview":"max-image-preview:large","max-video-preview":"max-video-preview:-1"},"canonical":"https:\/\/recom-ice.com\/ice-plants\/ice-plant-automation\/riipp-modules\/control\/","og_locale":"es_ES","og_type":"article","og_title":"Control","og_url":"https:\/\/recom-ice.com\/ice-plants\/ice-plant-automation\/riipp-modules\/control\/","og_site_name":"Recom Ice Systems","article_modified_time":"2020-10-20T12:05:54+00:00","twitter_card":"summary_large_image","schema":{"@context":"https:\/\/schema.org","@graph":[{"@type":"WebPage","@id":"https:\/\/recom-ice.com\/ice-plants\/ice-plant-automation\/riipp-modules\/control\/","url":"https:\/\/recom-ice.com\/ice-plants\/ice-plant-automation\/riipp-modules\/control\/","name":"Controle su planta de hielo con el m\u00f3dulo de control RIIPP","isPartOf":{"@id":"https:\/\/recom-ice.com\/#website"},"primaryImageOfPage":{"@id":"https:\/\/recom-ice.com\/ice-plants\/ice-plant-automation\/riipp-modules\/control\/#primaryimage"},"image":{"@id":"https:\/\/recom-ice.com\/ice-plants\/ice-plant-automation\/riipp-modules\/control\/#primaryimage"},"thumbnailUrl":"https:\/\/recom-ice.com\/wp-content\/uploads\/2016\/08\/iconmonstr-volume-control-7-01.svg","datePublished":"2017-06-26T12:41:48+00:00","dateModified":"2020-10-20T12:05:54+00:00","description":"Controle su planta de hielo con el m\u00f3dulo de control RIIPP en su planta de hielo que monitorea continuamente 40 funcionalidades y brinda una representaci\u00f3n visual.","breadcrumb":{"@id":"https:\/\/recom-ice.com\/ice-plants\/ice-plant-automation\/riipp-modules\/control\/#breadcrumb"},"inLanguage":"es","potentialAction":[{"@type":"ReadAction","target":["https:\/\/recom-ice.com\/ice-plants\/ice-plant-automation\/riipp-modules\/control\/"]}]},{"@type":"ImageObject","inLanguage":"es","@id":"https:\/\/recom-ice.com\/ice-plants\/ice-plant-automation\/riipp-modules\/control\/#primaryimage","url":"https:\/\/recom-ice.com\/wp-content\/uploads\/2016\/08\/iconmonstr-volume-control-7-01.svg","contentUrl":"https:\/\/recom-ice.com\/wp-content\/uploads\/2016\/08\/iconmonstr-volume-control-7-01.svg","caption":"ice plant automation"},{"@type":"BreadcrumbList","@id":"https:\/\/recom-ice.com\/ice-plants\/ice-plant-automation\/riipp-modules\/control\/#breadcrumb","itemListElement":[{"@type":"ListItem","position":1,"name":"Home","item":"https:\/\/recom-ice.com\/"},{"@type":"ListItem","position":2,"name":"Plantas de hielo","item":"https:\/\/recom-ice.com\/ice-plants\/"},{"@type":"ListItem","position":3,"name":"Automatizaci\u00f3n de planta de hielo","item":"https:\/\/recom-ice.com\/ice-plants\/ice-plant-automation\/"},{"@type":"ListItem","position":4,"name":"M\u00f3dulos RIIPP","item":"https:\/\/recom-ice.com\/ice-plants\/ice-plant-automation\/riipp-modules\/"},{"@type":"ListItem","position":5,"name":"Control"}]},{"@type":"WebSite","@id":"https:\/\/recom-ice.com\/#website","url":"https:\/\/recom-ice.com\/","name":"Recom Ice Systems","description":"Flake ice for the industry","publisher":{"@id":"https:\/\/recom-ice.com\/#organization"},"potentialAction":[{"@type":"SearchAction","target":{"@type":"EntryPoint","urlTemplate":"https:\/\/recom-ice.com\/?s={search_term_string}"},"query-input":{"@type":"PropertyValueSpecification","valueRequired":true,"valueName":"search_term_string"}}],"inLanguage":"es"},{"@type":"Organization","@id":"https:\/\/recom-ice.com\/#organization","name":"Recom Ice Systems","url":"https:\/\/recom-ice.com\/","logo":{"@type":"ImageObject","inLanguage":"es","@id":"https:\/\/recom-ice.com\/#\/schema\/logo\/image\/","url":"https:\/\/recom-ice.com\/wp-content\/uploads\/2018\/01\/REC-logo-def.jpg","contentUrl":"https:\/\/recom-ice.com\/wp-content\/uploads\/2018\/01\/REC-logo-def.jpg","width":1044,"height":282,"caption":"Recom Ice Systems"},"image":{"@id":"https:\/\/recom-ice.com\/#\/schema\/logo\/image\/"},"sameAs":["https:\/\/www.linkedin.com\/company\/recom-ice-systems\/","https:\/\/www.youtube.com\/channel\/UCFK_8MWf9zUMbwO0mZFCbrQ"]}]}},"_links":{"self":[{"href":"https:\/\/recom-ice.com\/es\/wp-json\/wp\/v2\/pages\/1517","targetHints":{"allow":["GET"]}}],"collection":[{"href":"https:\/\/recom-ice.com\/es\/wp-json\/wp\/v2\/pages"}],"about":[{"href":"https:\/\/recom-ice.com\/es\/wp-json\/wp\/v2\/types\/page"}],"author":[{"embeddable":true,"href":"https:\/\/recom-ice.com\/es\/wp-json\/wp\/v2\/users\/8"}],"replies":[{"embeddable":true,"href":"https:\/\/recom-ice.com\/es\/wp-json\/wp\/v2\/comments?post=1517"}],"version-history":[{"count":6,"href":"https:\/\/recom-ice.com\/es\/wp-json\/wp\/v2\/pages\/1517\/revisions"}],"predecessor-version":[{"id":6178,"href":"https:\/\/recom-ice.com\/es\/wp-json\/wp\/v2\/pages\/1517\/revisions\/6178"}],"up":[{"embeddable":true,"href":"https:\/\/recom-ice.com\/es\/wp-json\/wp\/v2\/pages\/1515"}],"wp:featuredmedia":[{"embeddable":true,"href":"https:\/\/recom-ice.com\/es\/wp-json\/wp\/v2\/media\/5063"}],"wp:attachment":[{"href":"https:\/\/recom-ice.com\/es\/wp-json\/wp\/v2\/media?parent=1517"}],"curies":[{"name":"wp","href":"https:\/\/api.w.org\/{rel}","templated":true}]}}