{"id":1510,"date":"2017-06-26T12:42:34","date_gmt":"2017-06-26T12:42:34","guid":{"rendered":"https:\/\/recom-ice.com\/?page_id=1510\/"},"modified":"2022-04-04T15:32:45","modified_gmt":"2022-04-04T15:32:45","slug":"software-como-servicio","status":"publish","type":"page","link":"https:\/\/recom-ice.com\/es\/plantas-de-hielo\/automatizacion-de-planta-de-hielo\/software-como-servicio\/","title":{"rendered":"Software como servicio"},"content":{"rendered":"","protected":false},"excerpt":{"rendered":"","protected":false},"author":8,"featured_media":0,"parent":1501,"menu_order":3,"comment_status":"closed","ping_status":"closed","template":"template-ice-plant-automation.php","meta":{"_acf_changed":false,"footnotes":""},"class_list":["post-1510","page","type-page","status-publish","hentry"],"acf":[],"yoast_head":"<!-- This site is optimized with the Yoast SEO Premium plugin v26.8 (Yoast SEO v26.8) - https:\/\/yoast.com\/product\/yoast-seo-premium-wordpress\/ -->\n<title>Software como servicio es la idea detr\u00e1s de la aplicaci\u00f3n RIIPP<\/title>\n<meta name=\"description\" content=\"Software como servicio es la idea principal detr\u00e1s de la aplicaci\u00f3n RIIPP, mientras que cambi\u00f3 la idea de c\u00f3mo administrar una planta de hielo.\" \/>\n<meta name=\"robots\" content=\"index, follow, max-snippet:-1, max-image-preview:large, max-video-preview:-1\" \/>\n<link rel=\"canonical\" href=\"https:\/\/recom-ice.com\/ice-plants\/ice-plant-automation\/software-as-a-service\/\" \/>\n<meta property=\"og:locale\" content=\"es_ES\" \/>\n<meta property=\"og:type\" content=\"article\" \/>\n<meta property=\"og:title\" content=\"Software como servicio\" \/>\n<meta property=\"og:url\" content=\"https:\/\/recom-ice.com\/ice-plants\/ice-plant-automation\/software-as-a-service\/\" \/>\n<meta property=\"og:site_name\" content=\"Recom Ice Systems\" \/>\n<meta property=\"article:modified_time\" content=\"2022-04-04T15:32:45+00:00\" \/>\n<meta name=\"twitter:card\" content=\"summary_large_image\" \/>\n<script type=\"application\/ld+json\" class=\"yoast-schema-graph\">{\"@context\":\"https:\/\/schema.org\",\"@graph\":[{\"@type\":\"WebPage\",\"@id\":\"https:\/\/recom-ice.com\/ice-plants\/ice-plant-automation\/software-as-a-service\/\",\"url\":\"https:\/\/recom-ice.com\/ice-plants\/ice-plant-automation\/software-as-a-service\/\",\"name\":\"Software como servicio es la idea detr\u00e1s de la aplicaci\u00f3n RIIPP\",\"isPartOf\":{\"@id\":\"https:\/\/recom-ice.com\/#website\"},\"datePublished\":\"2017-06-26T12:42:34+00:00\",\"dateModified\":\"2022-04-04T15:32:45+00:00\",\"description\":\"Software como servicio es la idea principal detr\u00e1s de la aplicaci\u00f3n RIIPP, mientras que cambi\u00f3 la idea de c\u00f3mo administrar una planta de hielo.\",\"breadcrumb\":{\"@id\":\"https:\/\/recom-ice.com\/ice-plants\/ice-plant-automation\/software-as-a-service\/#breadcrumb\"},\"inLanguage\":\"es\",\"potentialAction\":[{\"@type\":\"ReadAction\",\"target\":[\"https:\/\/recom-ice.com\/ice-plants\/ice-plant-automation\/software-as-a-service\/\"]}]},{\"@type\":\"BreadcrumbList\",\"@id\":\"https:\/\/recom-ice.com\/ice-plants\/ice-plant-automation\/software-as-a-service\/#breadcrumb\",\"itemListElement\":[{\"@type\":\"ListItem\",\"position\":1,\"name\":\"Home\",\"item\":\"https:\/\/recom-ice.com\/\"},{\"@type\":\"ListItem\",\"position\":2,\"name\":\"Plantas de hielo\",\"item\":\"https:\/\/recom-ice.com\/ice-plants\/\"},{\"@type\":\"ListItem\",\"position\":3,\"name\":\"Automatizaci\u00f3n de planta de hielo\",\"item\":\"https:\/\/recom-ice.com\/ice-plants\/ice-plant-automation\/\"},{\"@type\":\"ListItem\",\"position\":4,\"name\":\"Software como servicio\"}]},{\"@type\":\"WebSite\",\"@id\":\"https:\/\/recom-ice.com\/#website\",\"url\":\"https:\/\/recom-ice.com\/\",\"name\":\"Recom Ice Systems\",\"description\":\"Flake ice for the industry\",\"publisher\":{\"@id\":\"https:\/\/recom-ice.com\/#organization\"},\"potentialAction\":[{\"@type\":\"SearchAction\",\"target\":{\"@type\":\"EntryPoint\",\"urlTemplate\":\"https:\/\/recom-ice.com\/?s={search_term_string}\"},\"query-input\":{\"@type\":\"PropertyValueSpecification\",\"valueRequired\":true,\"valueName\":\"search_term_string\"}}],\"inLanguage\":\"es\"},{\"@type\":\"Organization\",\"@id\":\"https:\/\/recom-ice.com\/#organization\",\"name\":\"Recom Ice Systems\",\"url\":\"https:\/\/recom-ice.com\/\",\"logo\":{\"@type\":\"ImageObject\",\"inLanguage\":\"es\",\"@id\":\"https:\/\/recom-ice.com\/#\/schema\/logo\/image\/\",\"url\":\"https:\/\/recom-ice.com\/wp-content\/uploads\/2018\/01\/REC-logo-def.jpg\",\"contentUrl\":\"https:\/\/recom-ice.com\/wp-content\/uploads\/2018\/01\/REC-logo-def.jpg\",\"width\":1044,\"height\":282,\"caption\":\"Recom Ice Systems\"},\"image\":{\"@id\":\"https:\/\/recom-ice.com\/#\/schema\/logo\/image\/\"},\"sameAs\":[\"https:\/\/www.linkedin.com\/company\/recom-ice-systems\/\",\"https:\/\/www.youtube.com\/channel\/UCFK_8MWf9zUMbwO0mZFCbrQ\"]}]}<\/script>\n<!-- \/ Yoast SEO Premium plugin. -->","yoast_head_json":{"title":"Software como servicio es la idea detr\u00e1s de la aplicaci\u00f3n RIIPP","description":"Software como servicio es la idea principal detr\u00e1s de la aplicaci\u00f3n RIIPP, mientras que cambi\u00f3 la idea de c\u00f3mo administrar una planta de hielo.","robots":{"index":"index","follow":"follow","max-snippet":"max-snippet:-1","max-image-preview":"max-image-preview:large","max-video-preview":"max-video-preview:-1"},"canonical":"https:\/\/recom-ice.com\/ice-plants\/ice-plant-automation\/software-as-a-service\/","og_locale":"es_ES","og_type":"article","og_title":"Software como servicio","og_url":"https:\/\/recom-ice.com\/ice-plants\/ice-plant-automation\/software-as-a-service\/","og_site_name":"Recom Ice Systems","article_modified_time":"2022-04-04T15:32:45+00:00","twitter_card":"summary_large_image","schema":{"@context":"https:\/\/schema.org","@graph":[{"@type":"WebPage","@id":"https:\/\/recom-ice.com\/ice-plants\/ice-plant-automation\/software-as-a-service\/","url":"https:\/\/recom-ice.com\/ice-plants\/ice-plant-automation\/software-as-a-service\/","name":"Software como servicio es la idea detr\u00e1s de la aplicaci\u00f3n RIIPP","isPartOf":{"@id":"https:\/\/recom-ice.com\/#website"},"datePublished":"2017-06-26T12:42:34+00:00","dateModified":"2022-04-04T15:32:45+00:00","description":"Software como servicio es la idea principal detr\u00e1s de la aplicaci\u00f3n RIIPP, mientras que cambi\u00f3 la idea de c\u00f3mo administrar una planta de hielo.","breadcrumb":{"@id":"https:\/\/recom-ice.com\/ice-plants\/ice-plant-automation\/software-as-a-service\/#breadcrumb"},"inLanguage":"es","potentialAction":[{"@type":"ReadAction","target":["https:\/\/recom-ice.com\/ice-plants\/ice-plant-automation\/software-as-a-service\/"]}]},{"@type":"BreadcrumbList","@id":"https:\/\/recom-ice.com\/ice-plants\/ice-plant-automation\/software-as-a-service\/#breadcrumb","itemListElement":[{"@type":"ListItem","position":1,"name":"Home","item":"https:\/\/recom-ice.com\/"},{"@type":"ListItem","position":2,"name":"Plantas de hielo","item":"https:\/\/recom-ice.com\/ice-plants\/"},{"@type":"ListItem","position":3,"name":"Automatizaci\u00f3n de planta de hielo","item":"https:\/\/recom-ice.com\/ice-plants\/ice-plant-automation\/"},{"@type":"ListItem","position":4,"name":"Software como servicio"}]},{"@type":"WebSite","@id":"https:\/\/recom-ice.com\/#website","url":"https:\/\/recom-ice.com\/","name":"Recom Ice Systems","description":"Flake ice for the industry","publisher":{"@id":"https:\/\/recom-ice.com\/#organization"},"potentialAction":[{"@type":"SearchAction","target":{"@type":"EntryPoint","urlTemplate":"https:\/\/recom-ice.com\/?s={search_term_string}"},"query-input":{"@type":"PropertyValueSpecification","valueRequired":true,"valueName":"search_term_string"}}],"inLanguage":"es"},{"@type":"Organization","@id":"https:\/\/recom-ice.com\/#organization","name":"Recom Ice Systems","url":"https:\/\/recom-ice.com\/","logo":{"@type":"ImageObject","inLanguage":"es","@id":"https:\/\/recom-ice.com\/#\/schema\/logo\/image\/","url":"https:\/\/recom-ice.com\/wp-content\/uploads\/2018\/01\/REC-logo-def.jpg","contentUrl":"https:\/\/recom-ice.com\/wp-content\/uploads\/2018\/01\/REC-logo-def.jpg","width":1044,"height":282,"caption":"Recom Ice Systems"},"image":{"@id":"https:\/\/recom-ice.com\/#\/schema\/logo\/image\/"},"sameAs":["https:\/\/www.linkedin.com\/company\/recom-ice-systems\/","https:\/\/www.youtube.com\/channel\/UCFK_8MWf9zUMbwO0mZFCbrQ"]}]}},"_links":{"self":[{"href":"https:\/\/recom-ice.com\/es\/wp-json\/wp\/v2\/pages\/1510","targetHints":{"allow":["GET"]}}],"collection":[{"href":"https:\/\/recom-ice.com\/es\/wp-json\/wp\/v2\/pages"}],"about":[{"href":"https:\/\/recom-ice.com\/es\/wp-json\/wp\/v2\/types\/page"}],"author":[{"embeddable":true,"href":"https:\/\/recom-ice.com\/es\/wp-json\/wp\/v2\/users\/8"}],"replies":[{"embeddable":true,"href":"https:\/\/recom-ice.com\/es\/wp-json\/wp\/v2\/comments?post=1510"}],"version-history":[{"count":8,"href":"https:\/\/recom-ice.com\/es\/wp-json\/wp\/v2\/pages\/1510\/revisions"}],"predecessor-version":[{"id":6184,"href":"https:\/\/recom-ice.com\/es\/wp-json\/wp\/v2\/pages\/1510\/revisions\/6184"}],"up":[{"embeddable":true,"href":"https:\/\/recom-ice.com\/es\/wp-json\/wp\/v2\/pages\/1501"}],"wp:attachment":[{"href":"https:\/\/recom-ice.com\/es\/wp-json\/wp\/v2\/media?parent=1510"}],"curies":[{"name":"wp","href":"https:\/\/api.w.org\/{rel}","templated":true}]}}