{"id":1488,"date":"2017-06-26T11:58:53","date_gmt":"2017-06-26T11:58:53","guid":{"rendered":"https:\/\/recom-ice.com\/?page_id=1488\/"},"modified":"2020-10-01T13:33:59","modified_gmt":"2020-10-01T13:33:59","slug":"caso-de-estudio","status":"publish","type":"page","link":"https:\/\/recom-ice.com\/es\/plantas-de-hielo\/enfriamiento-de-hormigon\/caso-de-estudio\/","title":{"rendered":"Caso de estudio"},"content":{"rendered":"","protected":false},"excerpt":{"rendered":"","protected":false},"author":8,"featured_media":0,"parent":1473,"menu_order":2,"comment_status":"closed","ping_status":"closed","template":"template-ice-plants-categories.php","meta":{"_acf_changed":false,"footnotes":""},"class_list":["post-1488","page","type-page","status-publish","hentry"],"acf":[],"yoast_head":"<!-- This site is optimized with the Yoast SEO Premium plugin v26.8 (Yoast SEO v26.8) - https:\/\/yoast.com\/product\/yoast-seo-premium-wordpress\/ -->\n<title>Caso de estudio - Plantas de enfriamiento de hormig\u00f3n Inshaa<\/title>\n<meta name=\"description\" content=\"Caso de estudio - Plantas de enfriamiento de hormig\u00f3n de Inshaa contienen una m\u00e1quina de hielo, sistema almacenamiento y transporte.\" \/>\n<meta name=\"robots\" content=\"index, follow, max-snippet:-1, max-image-preview:large, max-video-preview:-1\" \/>\n<link rel=\"canonical\" href=\"https:\/\/recom-ice.com\/ice-plants\/concrete-cooling\/case-study\/\" \/>\n<meta property=\"og:locale\" content=\"es_ES\" \/>\n<meta property=\"og:type\" content=\"article\" \/>\n<meta property=\"og:title\" content=\"Caso de estudio\" \/>\n<meta property=\"og:url\" content=\"https:\/\/recom-ice.com\/ice-plants\/concrete-cooling\/case-study\/\" \/>\n<meta property=\"og:site_name\" content=\"Recom Ice Systems\" \/>\n<meta property=\"article:modified_time\" content=\"2020-10-01T13:33:59+00:00\" \/>\n<meta name=\"twitter:card\" content=\"summary_large_image\" \/>\n<script type=\"application\/ld+json\" class=\"yoast-schema-graph\">{\"@context\":\"https:\/\/schema.org\",\"@graph\":[{\"@type\":\"WebPage\",\"@id\":\"https:\/\/recom-ice.com\/ice-plants\/concrete-cooling\/case-study\/\",\"url\":\"https:\/\/recom-ice.com\/ice-plants\/concrete-cooling\/case-study\/\",\"name\":\"Caso de estudio - Plantas de enfriamiento de hormig\u00f3n Inshaa\",\"isPartOf\":{\"@id\":\"https:\/\/recom-ice.com\/#website\"},\"datePublished\":\"2017-06-26T11:58:53+00:00\",\"dateModified\":\"2020-10-01T13:33:59+00:00\",\"description\":\"Caso de estudio - Plantas de enfriamiento de hormig\u00f3n de Inshaa contienen una m\u00e1quina de hielo, sistema almacenamiento y transporte.\",\"breadcrumb\":{\"@id\":\"https:\/\/recom-ice.com\/ice-plants\/concrete-cooling\/case-study\/#breadcrumb\"},\"inLanguage\":\"es\",\"potentialAction\":[{\"@type\":\"ReadAction\",\"target\":[\"https:\/\/recom-ice.com\/ice-plants\/concrete-cooling\/case-study\/\"]}]},{\"@type\":\"BreadcrumbList\",\"@id\":\"https:\/\/recom-ice.com\/ice-plants\/concrete-cooling\/case-study\/#breadcrumb\",\"itemListElement\":[{\"@type\":\"ListItem\",\"position\":1,\"name\":\"Home\",\"item\":\"https:\/\/recom-ice.com\/\"},{\"@type\":\"ListItem\",\"position\":2,\"name\":\"Plantas de hielo\",\"item\":\"https:\/\/recom-ice.com\/ice-plants\/\"},{\"@type\":\"ListItem\",\"position\":3,\"name\":\"Plantas de enfriamiento de hormig\u00f3n\",\"item\":\"https:\/\/recom-ice.com\/ice-plants\/concrete-cooling\/\"},{\"@type\":\"ListItem\",\"position\":4,\"name\":\"Caso de estudio\"}]},{\"@type\":\"WebSite\",\"@id\":\"https:\/\/recom-ice.com\/#website\",\"url\":\"https:\/\/recom-ice.com\/\",\"name\":\"Recom Ice Systems\",\"description\":\"Flake ice for the industry\",\"publisher\":{\"@id\":\"https:\/\/recom-ice.com\/#organization\"},\"potentialAction\":[{\"@type\":\"SearchAction\",\"target\":{\"@type\":\"EntryPoint\",\"urlTemplate\":\"https:\/\/recom-ice.com\/?s={search_term_string}\"},\"query-input\":{\"@type\":\"PropertyValueSpecification\",\"valueRequired\":true,\"valueName\":\"search_term_string\"}}],\"inLanguage\":\"es\"},{\"@type\":\"Organization\",\"@id\":\"https:\/\/recom-ice.com\/#organization\",\"name\":\"Recom Ice Systems\",\"url\":\"https:\/\/recom-ice.com\/\",\"logo\":{\"@type\":\"ImageObject\",\"inLanguage\":\"es\",\"@id\":\"https:\/\/recom-ice.com\/#\/schema\/logo\/image\/\",\"url\":\"https:\/\/recom-ice.com\/wp-content\/uploads\/2018\/01\/REC-logo-def.jpg\",\"contentUrl\":\"https:\/\/recom-ice.com\/wp-content\/uploads\/2018\/01\/REC-logo-def.jpg\",\"width\":1044,\"height\":282,\"caption\":\"Recom Ice Systems\"},\"image\":{\"@id\":\"https:\/\/recom-ice.com\/#\/schema\/logo\/image\/\"},\"sameAs\":[\"https:\/\/www.linkedin.com\/company\/recom-ice-systems\/\",\"https:\/\/www.youtube.com\/channel\/UCFK_8MWf9zUMbwO0mZFCbrQ\"]}]}<\/script>\n<!-- \/ Yoast SEO Premium plugin. -->","yoast_head_json":{"title":"Caso de estudio - Plantas de enfriamiento de hormig\u00f3n Inshaa","description":"Caso de estudio - Plantas de enfriamiento de hormig\u00f3n de Inshaa contienen una m\u00e1quina de hielo, sistema almacenamiento y transporte.","robots":{"index":"index","follow":"follow","max-snippet":"max-snippet:-1","max-image-preview":"max-image-preview:large","max-video-preview":"max-video-preview:-1"},"canonical":"https:\/\/recom-ice.com\/ice-plants\/concrete-cooling\/case-study\/","og_locale":"es_ES","og_type":"article","og_title":"Caso de estudio","og_url":"https:\/\/recom-ice.com\/ice-plants\/concrete-cooling\/case-study\/","og_site_name":"Recom Ice Systems","article_modified_time":"2020-10-01T13:33:59+00:00","twitter_card":"summary_large_image","schema":{"@context":"https:\/\/schema.org","@graph":[{"@type":"WebPage","@id":"https:\/\/recom-ice.com\/ice-plants\/concrete-cooling\/case-study\/","url":"https:\/\/recom-ice.com\/ice-plants\/concrete-cooling\/case-study\/","name":"Caso de estudio - Plantas de enfriamiento de hormig\u00f3n Inshaa","isPartOf":{"@id":"https:\/\/recom-ice.com\/#website"},"datePublished":"2017-06-26T11:58:53+00:00","dateModified":"2020-10-01T13:33:59+00:00","description":"Caso de estudio - Plantas de enfriamiento de hormig\u00f3n de Inshaa contienen una m\u00e1quina de hielo, sistema almacenamiento y transporte.","breadcrumb":{"@id":"https:\/\/recom-ice.com\/ice-plants\/concrete-cooling\/case-study\/#breadcrumb"},"inLanguage":"es","potentialAction":[{"@type":"ReadAction","target":["https:\/\/recom-ice.com\/ice-plants\/concrete-cooling\/case-study\/"]}]},{"@type":"BreadcrumbList","@id":"https:\/\/recom-ice.com\/ice-plants\/concrete-cooling\/case-study\/#breadcrumb","itemListElement":[{"@type":"ListItem","position":1,"name":"Home","item":"https:\/\/recom-ice.com\/"},{"@type":"ListItem","position":2,"name":"Plantas de hielo","item":"https:\/\/recom-ice.com\/ice-plants\/"},{"@type":"ListItem","position":3,"name":"Plantas de enfriamiento de hormig\u00f3n","item":"https:\/\/recom-ice.com\/ice-plants\/concrete-cooling\/"},{"@type":"ListItem","position":4,"name":"Caso de estudio"}]},{"@type":"WebSite","@id":"https:\/\/recom-ice.com\/#website","url":"https:\/\/recom-ice.com\/","name":"Recom Ice Systems","description":"Flake ice for the industry","publisher":{"@id":"https:\/\/recom-ice.com\/#organization"},"potentialAction":[{"@type":"SearchAction","target":{"@type":"EntryPoint","urlTemplate":"https:\/\/recom-ice.com\/?s={search_term_string}"},"query-input":{"@type":"PropertyValueSpecification","valueRequired":true,"valueName":"search_term_string"}}],"inLanguage":"es"},{"@type":"Organization","@id":"https:\/\/recom-ice.com\/#organization","name":"Recom Ice Systems","url":"https:\/\/recom-ice.com\/","logo":{"@type":"ImageObject","inLanguage":"es","@id":"https:\/\/recom-ice.com\/#\/schema\/logo\/image\/","url":"https:\/\/recom-ice.com\/wp-content\/uploads\/2018\/01\/REC-logo-def.jpg","contentUrl":"https:\/\/recom-ice.com\/wp-content\/uploads\/2018\/01\/REC-logo-def.jpg","width":1044,"height":282,"caption":"Recom Ice Systems"},"image":{"@id":"https:\/\/recom-ice.com\/#\/schema\/logo\/image\/"},"sameAs":["https:\/\/www.linkedin.com\/company\/recom-ice-systems\/","https:\/\/www.youtube.com\/channel\/UCFK_8MWf9zUMbwO0mZFCbrQ"]}]}},"_links":{"self":[{"href":"https:\/\/recom-ice.com\/es\/wp-json\/wp\/v2\/pages\/1488","targetHints":{"allow":["GET"]}}],"collection":[{"href":"https:\/\/recom-ice.com\/es\/wp-json\/wp\/v2\/pages"}],"about":[{"href":"https:\/\/recom-ice.com\/es\/wp-json\/wp\/v2\/types\/page"}],"author":[{"embeddable":true,"href":"https:\/\/recom-ice.com\/es\/wp-json\/wp\/v2\/users\/8"}],"replies":[{"embeddable":true,"href":"https:\/\/recom-ice.com\/es\/wp-json\/wp\/v2\/comments?post=1488"}],"version-history":[{"count":4,"href":"https:\/\/recom-ice.com\/es\/wp-json\/wp\/v2\/pages\/1488\/revisions"}],"predecessor-version":[{"id":5895,"href":"https:\/\/recom-ice.com\/es\/wp-json\/wp\/v2\/pages\/1488\/revisions\/5895"}],"up":[{"embeddable":true,"href":"https:\/\/recom-ice.com\/es\/wp-json\/wp\/v2\/pages\/1473"}],"wp:attachment":[{"href":"https:\/\/recom-ice.com\/es\/wp-json\/wp\/v2\/media?parent=1488"}],"curies":[{"name":"wp","href":"https:\/\/api.w.org\/{rel}","templated":true}]}}